{"id":28012,"date":"2024-10-08T13:39:43","date_gmt":"2024-10-08T17:39:43","guid":{"rendered":"https:\/\/bucofisc.com\/?page_id=28012"},"modified":"2024-11-06T13:18:37","modified_gmt":"2024-11-06T18:18:37","slug":"tax-calendar","status":"publish","type":"page","link":"https:\/\/bucofisc.com\/en\/tax-calendar\/","title":{"rendered":"Tax Calendar"},"content":{"rendered":"\t\t<div data-elementor-type=\"wp-page\" data-elementor-id=\"28012\" class=\"elementor elementor-28012 elementor-27703\" data-elementor-post-type=\"page\">\n\t\t\t\t\t\t<section class=\"elementor-section elementor-top-section elementor-element elementor-element-eb24118 elementor-section-stretched elementor-section-boxed elementor-section-height-default elementor-section-height-default\" data-id=\"eb24118\" data-element_type=\"section\" data-e-type=\"section\" data-settings=\"{&quot;stretch_section&quot;:&quot;section-stretched&quot;,&quot;background_background&quot;:&quot;classic&quot;}\">\n\t\t\t\t\t\t\t<div class=\"elementor-background-overlay\"><\/div>\n\t\t\t\t\t\t\t<div class=\"elementor-container elementor-column-gap-default\">\n\t\t\t\t\t<div class=\"elementor-column elementor-col-50 elementor-top-column elementor-element elementor-element-7ba4dd1\" data-id=\"7ba4dd1\" data-element_type=\"column\" data-e-type=\"column\">\n\t\t\t<div class=\"elementor-widget-wrap elementor-element-populated\">\n\t\t\t\t\t\t<div class=\"elementor-element elementor-element-fa1d1b3 elementor-widget elementor-widget-rs-heading\" data-id=\"fa1d1b3\" data-element_type=\"widget\" data-e-type=\"widget\" data-widget_type=\"rs-heading.default\">\n\t\t\t\t<div class=\"elementor-widget-container\">\n\t\t\t\t\t\n        <div class=\"prelements-heading style4 animate- \">\n        \t<div class=\"title-inner\"> \n\t        \t       \t\t      \t\t\n\t            <h1 class=\"title\"><span class=\"watermark\">Calendrier<\/span>Tax Calendar<\/h1><span class=\"sub-text\">Tax, Duties, and Fees Deadlines.<\/span>\t\t\t\t\n\t\t\t\t\t        <\/div>\n\t                <\/div>\n        \t\t\t\t<\/div>\n\t\t\t\t<\/div>\n\t\t\t\t\t<\/div>\n\t\t<\/div>\n\t\t\t\t<div class=\"elementor-column elementor-col-50 elementor-top-column elementor-element elementor-element-dba0e6e elementor-hidden-tablet elementor-hidden-mobile\" data-id=\"dba0e6e\" data-element_type=\"column\" data-e-type=\"column\">\n\t\t\t<div class=\"elementor-widget-wrap\">\n\t\t\t\t\t\t\t<\/div>\n\t\t<\/div>\n\t\t\t\t\t<\/div>\n\t\t<\/section>\n\t\t\t\t<section class=\"elementor-section elementor-top-section elementor-element elementor-element-196e64ac elementor-section-full_width elementor-section-height-default elementor-section-height-default\" data-id=\"196e64ac\" data-element_type=\"section\" data-e-type=\"section\">\n\t\t\t\t\t\t<div class=\"elementor-container elementor-column-gap-extended\">\n\t\t\t\t\t<div class=\"elementor-column elementor-col-100 elementor-top-column elementor-element elementor-element-54f82c0e\" data-id=\"54f82c0e\" data-element_type=\"column\" data-e-type=\"column\" data-settings=\"{&quot;background_background&quot;:&quot;classic&quot;}\">\n\t\t\t<div class=\"elementor-widget-wrap elementor-element-populated\">\n\t\t\t\t\t\t<div class=\"elementor-element elementor-element-865aec0 elementor-widget elementor-widget-eael-advanced-data-table\" data-id=\"865aec0\" data-element_type=\"widget\" data-e-type=\"widget\" data-widget_type=\"eael-advanced-data-table.default\">\n\t\t\t\t<div class=\"elementor-widget-container\">\n\t\t\t\t\t<div class=\"ea-advanced-data-table-wrap\" data-id=\"865aec0\"><div class=\"ea-advanced-data-table-search-wrap ea-advanced-data-table-search-right\"><input type=\"search\" placeholder=\"Recherche\" class=\"ea-advanced-data-table-search\"><\/div><div class=\"ea-advanced-data-table-wrap-inner\">\n                <table class=\"ea-advanced-data-table ea-advanced-data-table-static ea-advanced-data-table-865aec0 ea-advanced-data-table-sortable ea-advanced-data-table-searchable\" data-id=\"865aec0\"><thead><tr><th>D\u00e9lai<\/th><th>OBLIGATIONS FISCALES<\/th><\/tr><\/thead><tbody><tr><td>1er au 15 Octobre<\/td><td>1er versement acomptes provisionnels\/professionnels (Imp\u00f4t sur le revenu)<\/td><\/tr><tr><td>1er au 15 Octobre<\/td><td>1er versement acomptes provisionnels entreprises (Imp\u00f4t sur le revenu)<\/td><\/tr><tr><td>1er au 20 Octobre<\/td><td>Droit de licence des \u00c9trangers<\/td><\/tr><tr><td>1er au 30 Octobre<\/td><td>Autres Droits de Licence<\/td><\/tr><tr><td>1er au 20 Octobre<\/td><td>Taxe sur Actions<\/td><\/tr><tr><td>1er au 30 Octobre<\/td><td>Imp\u00f4t\/Revenu  Base Forfaitaire<\/td><\/tr><tr><td>1er au 30 Octobre<\/td><td>Permis de s\u00e9jour des \u00c9trangers<\/td><\/tr><tr><td>1er au 30 Octobre<\/td><td>Droit de fonctionnement des soci\u00e9t\u00e9s anonymes<\/td><\/tr><tr><td>1er Octobre au 15 D\u00e9cembre<\/td><td>Patente<\/td><\/tr><tr><td>1er Octobre au 15 D\u00e9cembre<\/td><td>Taxe sur le Chiffre d\u2019a aires (TCA) r\u00e9gime simplifi\u00e9<\/td><\/tr><tr><td>1er Octobre au 15 D\u00e9cembre<\/td><td>Carte d\u2019Identit\u00e9 Prof. (Minist\u00e8re du Commerce)<\/td><\/tr><tr><td>1er Octobre au 15 Janvier<\/td><td>Droit de non Fonctionnement<\/td><\/tr><tr><td>1er Octobre au 31 Janvier<\/td><td>Taxe d\u2019\u00e9talonnage<\/td><\/tr><tr><td>1er Octobre au 31 D\u00e9cembre<\/td><td>Immatriculation des V\u00e9hicules<\/td><\/tr><tr><td>1er Octobre au 31 Mars<\/td><td>Contribution Fonci\u00e8re des Propri\u00e9t\u00e9s  B\u00e2ties (CFPB) (Imp\u00f4t Locatif)<\/td><\/tr><tr><td>1er Octobre au 31 Mars<\/td><td>Droit de Fermage<\/td><\/tr><tr><td>1er Octobre au 15 Mai <\/td><td>Taxe d\u2019Arrosage <\/td><\/tr><tr><td>1er Novembre au 15 Novembre <\/td><td>2\u00e8me versement acomptes provisionnels\/ professionnels (imp\u00f4t sur le revenu)<\/td><\/tr><tr><td>1er au 15 D\u00e9cembre <\/td><td>3\u00e8me et dernier versement acomptes provisionnels entreprises (Imp\u00f4t sur le revenu)<\/td><\/tr><tr><td>1er au 15 D\u00e9cembre <\/td><td>2\u00e8me versement acomptes provisionnels entreprises (Imp\u00f4t sur le revenu)<\/td><\/tr><tr><td>1er au 15 F\u00e9vrier  <\/td><td>3\u00e8me et dernier versement acomptes provisionnels entreprises (Imp\u00f4t sur le revenu)<\/td><\/tr><tr><td>1er au 15 de chaque mois, pour le mois pr\u00e9c\u00e9dent <\/td><td>Taxe sur le Chiffre d\u2019Affaires (TCA) r\u00e9gime normal Tarif : 10%<\/td><\/tr><tr><td>1er au 15 de chaque mois, pour le mois pr\u00e9c\u00e9dent<\/td><td>D\u00e9claration et paiement Imp\u00f4t\/Revenu sur Salaire (IRI) <\/td><\/tr><tr><td>1er au 15 de chaque mois, pour le mois pr\u00e9c\u00e9dent<\/td><td>Taxe sur Masse Salariale (TMS) : 2%<\/td><\/tr><tr><td>1er au 10 de chaque mois pour le mois pr\u00e9c\u00e9dent <\/td><td>Imp\u00f4t sur le Revenu Base D\u00e9claration D\u00e9finitive <\/td><\/tr><tr><td>1er au 15 du mois qui suit au cours duquel le boni a \u00e9t\u00e9 pay\u00e9 <\/td><td>Imp\u00f4t sur le revenu\/Boni : 10%<\/td><\/tr><tr><td>1er au 15 de chaque mois pour le mois pr\u00e9c\u00e9dent <\/td><td>Imp\u00f4t sur le Revenu Commission : 15%<\/td><\/tr><tr><td>1er au 15 du mois qui suit celui au cours duquel les dividendes sont vers\u00e9s<\/td><td>Imp\u00f4t sur le Revenu Int\u00e9r\u00eat 15% <br>Imp\u00f4t sur le Revenu dividendes : 20%<\/td><\/tr><tr><td>1er Oct au 31 Jan de chaque exercice Fiscal pour l\u2019exercice pr\u00e9c\u00e9dent <\/td><td>Imp\u00f4t sur le Revenu \/ Redevances (Royalties) <\/td><\/tr><tr><td>1er au 20 de chaque mois pour le mois pr\u00e9c\u00e9dent <\/td><td>Droit Sp\u00e9cial \/ primes d\u2019Assurance et CLE\/Assurance <\/td><\/tr><tr><td>90 jours apr\u00e8s la date de cl\u00f4ture de l\u2019Ann\u00e9e Financi\u00e8re de l\u2019Entreprise au Chiffre d\u2019affaire &lt;15,000,000.00 Gourdes <\/td><td>Imp\u00f4t sur le Revenu Commercial Base Bilan  <\/td><\/tr><tr><td>120 jours apr\u00e8s la date de cl\u00f4ture de l\u2019ann\u00e9e financi\u00e8re de l\u2019entreprise au chiffre d\u2019affaire \u226515,000,000.00 Gourdes <\/td><td>Imp\u00f4t sur le Revenu base Bilan <\/td><\/tr><tr><td>30 jours apr\u00e8s la fin de chaque trimestre <\/td><td>Imp\u00f4t sur le Revenu Commercial Base Forfait, (r\u00e9assureur d\u2019une Compagnie d\u2019Assurance non domicili\u00e9e en Ha\u00efti)<\/td><\/tr><tr><td>Chaque mois <\/td><td>Droit de Licence pour les appareils de Rectification d\u2019Alcool<\/td><\/tr><tr><td>Chaque mois <\/td><td>Taxes\/Communication au Taxes sur Appel T\u00e9l\u00e9phonique <\/td><\/tr><tr><td>Chaque mois <br>N.B : Le d\u00e9lai d\u2019accomplissement de la CFGDCT est li\u00e9 \u00e0 l\u2019imp\u00f4t auquel cette Contribution est greff\u00e9e <\/td><td>CFGDCT<br>a- 1% sur salaire (5,000.00 Gdes et plus)<br>b- 5% primes d\u2019assurance <br>c- 1% revenu net imposable (personne physique ou morale)<br>d- 5% gains loterie et autres jeux<br>e- 25.00 Gdes sur billet d\u2019avion \u00e0 destination de l\u2019\u00e9tranger<\/td><\/tr><\/tbody><\/table>\n            <\/div><\/div>\t\t\t\t<\/div>\n\t\t\t\t<\/div>\n\t\t\t\t\t<\/div>\n\t\t<\/div>\n\t\t\t\t\t<\/div>\n\t\t<\/section>\n\t\t\t\t<\/div>\n\t\t","protected":false},"excerpt":{"rendered":"<p>CalendrierTax Calendar Tax, Duties, and Fees Deadlines. D\u00e9lai OBLIGATIONS FISCALES 1er au 15 Octobre 1er versement acomptes provisionnels\/professionnels (Imp\u00f4t sur le revenu) 1er au 15 Octobre 1er versement acomptes provisionnels entreprises (Imp\u00f4t sur le revenu) 1er au 20 Octobre Droit de licence des \u00c9trangers 1er au 30 Octobre Autres Droits de Licence 1er au 20&#8230;<\/p>\n","protected":false},"author":2,"featured_media":0,"parent":0,"menu_order":0,"comment_status":"closed","ping_status":"closed","template":"","meta":{"footnotes":""},"class_list":["post-28012","page","type-page","status-publish","hentry"],"_links":{"self":[{"href":"https:\/\/bucofisc.com\/en\/wp-json\/wp\/v2\/pages\/28012","targetHints":{"allow":["GET"]}}],"collection":[{"href":"https:\/\/bucofisc.com\/en\/wp-json\/wp\/v2\/pages"}],"about":[{"href":"https:\/\/bucofisc.com\/en\/wp-json\/wp\/v2\/types\/page"}],"author":[{"embeddable":true,"href":"https:\/\/bucofisc.com\/en\/wp-json\/wp\/v2\/users\/2"}],"replies":[{"embeddable":true,"href":"https:\/\/bucofisc.com\/en\/wp-json\/wp\/v2\/comments?post=28012"}],"version-history":[{"count":4,"href":"https:\/\/bucofisc.com\/en\/wp-json\/wp\/v2\/pages\/28012\/revisions"}],"predecessor-version":[{"id":28107,"href":"https:\/\/bucofisc.com\/en\/wp-json\/wp\/v2\/pages\/28012\/revisions\/28107"}],"wp:attachment":[{"href":"https:\/\/bucofisc.com\/en\/wp-json\/wp\/v2\/media?parent=28012"}],"curies":[{"name":"wp","href":"https:\/\/api.w.org\/{rel}","templated":true}]}}