{"id":28027,"date":"2024-10-08T12:45:27","date_gmt":"2024-10-08T16:45:27","guid":{"rendered":"https:\/\/bucofisc.com\/?page_id=28027"},"modified":"2024-11-06T12:33:24","modified_gmt":"2024-11-06T17:33:24","slug":"documentation","status":"publish","type":"page","link":"https:\/\/bucofisc.com\/en\/documentation\/","title":{"rendered":"Documentation"},"content":{"rendered":"\t\t<div data-elementor-type=\"wp-page\" data-elementor-id=\"28027\" class=\"elementor elementor-28027 elementor-27676\" data-elementor-post-type=\"page\">\n\t\t\t\t\t\t<section class=\"elementor-section elementor-top-section elementor-element elementor-element-091870c elementor-section-stretched elementor-section-boxed elementor-section-height-default elementor-section-height-default\" data-id=\"091870c\" data-element_type=\"section\" data-e-type=\"section\" data-settings=\"{&quot;stretch_section&quot;:&quot;section-stretched&quot;,&quot;background_background&quot;:&quot;classic&quot;}\">\n\t\t\t\t\t\t\t<div class=\"elementor-background-overlay\"><\/div>\n\t\t\t\t\t\t\t<div class=\"elementor-container elementor-column-gap-default\">\n\t\t\t\t\t<div class=\"elementor-column elementor-col-50 elementor-top-column elementor-element elementor-element-87b1c31\" data-id=\"87b1c31\" data-element_type=\"column\" data-e-type=\"column\">\n\t\t\t<div class=\"elementor-widget-wrap elementor-element-populated\">\n\t\t\t\t\t\t<div class=\"elementor-element elementor-element-8086a81 elementor-widget elementor-widget-rs-heading\" data-id=\"8086a81\" data-element_type=\"widget\" data-e-type=\"widget\" data-widget_type=\"rs-heading.default\">\n\t\t\t\t<div class=\"elementor-widget-container\">\n\t\t\t\t\t\n        <div class=\"prelements-heading style4 animate- \">\n        \t<div class=\"title-inner\"> \n\t        \t       \t\t      \t\t\n\t            <h1 class=\"title\"><span class=\"watermark\">Documents<\/span>Documentation<\/h1><span class=\"sub-text\">BUCOFISC offers a library of accounting and tax resources dedicated to professionals and businesses.<\/span>\t\t\t\t\n\t\t\t\t\t        <\/div>\n\t                <\/div>\n        \t\t\t\t<\/div>\n\t\t\t\t<\/div>\n\t\t\t\t\t<\/div>\n\t\t<\/div>\n\t\t\t\t<div class=\"elementor-column elementor-col-50 elementor-top-column elementor-element elementor-element-0c8bae1 elementor-hidden-tablet elementor-hidden-mobile\" data-id=\"0c8bae1\" data-element_type=\"column\" data-e-type=\"column\">\n\t\t\t<div class=\"elementor-widget-wrap\">\n\t\t\t\t\t\t\t<\/div>\n\t\t<\/div>\n\t\t\t\t\t<\/div>\n\t\t<\/section>\n\t\t\t\t<section class=\"elementor-section elementor-top-section elementor-element elementor-element-196e64ac elementor-section-full_width elementor-section-height-default elementor-section-height-default\" data-id=\"196e64ac\" data-element_type=\"section\" data-e-type=\"section\">\n\t\t\t\t\t\t<div class=\"elementor-container elementor-column-gap-extended\">\n\t\t\t\t\t<div class=\"elementor-column elementor-col-100 elementor-top-column elementor-element elementor-element-54f82c0e\" data-id=\"54f82c0e\" data-element_type=\"column\" data-e-type=\"column\" data-settings=\"{&quot;background_background&quot;:&quot;classic&quot;}\">\n\t\t\t<div class=\"elementor-widget-wrap elementor-element-populated\">\n\t\t\t\t\t\t<div class=\"elementor-element elementor-element-644d86d elementor-widget elementor-widget-text-editor\" data-id=\"644d86d\" data-element_type=\"widget\" data-e-type=\"widget\" data-widget_type=\"text-editor.default\">\n\t\t\t\t<div class=\"elementor-widget-container\">\n\t\t\t\t\t\t\t\t\t<p>Here, you\u2019ll find essential documents such as Budgets, the Tax Calendar, issues of our <em>Haiti Challenge<\/em> magazine, the OCPAH\u2019s Golden Book, and the National Accounting Plan.<\/p><p>While some documents are available for purchase, the majority are offered free of charge to support you in your pursuit of specialized knowledge and tools.<\/p>\t\t\t\t\t\t\t\t<\/div>\n\t\t\t\t<\/div>\n\t\t\t\t<div class=\"elementor-element elementor-element-c1f79d6 elementor-widget elementor-widget-shortcode\" data-id=\"c1f79d6\" data-element_type=\"widget\" data-e-type=\"widget\" data-widget_type=\"shortcode.default\">\n\t\t\t\t<div class=\"elementor-widget-container\">\n\t\t\t\t\t\t\t<div class=\"elementor-shortcode\">\n    <script>\n        jQuery(function($){\n\n            var __dt = $('#wpdmmydls-d8dac1279dd1e5320a4d4d095a2c6871').dataTable({\n                \"dom\": '<\"wpdmdt-toolbar\"lfrB>t<\"wpdmdt-toolbarb\"ip>',\n                responsive: true,\n                \"order\": [[ 0, \"asc\" ]],\n                \"language\": {\n                    \"lengthMenu\": \"Display _MENU_ downloads per page\",\n                    \"zeroRecords\": \"Nothing _START_ to - sorry\",\n                    \"info\": \"Showing _START_ to _END_ of _TOTAL_ downloads\",\n                    \"infoEmpty\": \"No downloads available\",\n                    \"infoFiltered\": \"(filtered from _MAX_ total downloads)\",\n                    \"emptyTable\":     \"No data available in table\",\n                    \"infoPostFix\":    \"\",\n                    \"thousands\":      \",\",\n                    \"loadingRecords\": \"Loading...\",\n                    \"processing\":     \"Processing...\",\n                    \"search\":         \"Search:\",\n                    \"paginate\": {\n                        \"first\":      \"First\",\n                        \"last\":       \"Last\",\n                        \"next\":       \"Next\",\n                        \"previous\":   \"Previous\"\n                    },\n                    \"aria\": {\n                        \"sortAscending\":  \" : activate to sort column ascending\",\n                        \"sortDescending\": \": activate to sort column descending\"\n                    }\n                },\n                \"iDisplayLength\": 20,\n                \"aLengthMenu\": [[20, 10, 25, 50, -1], [20, 10, 25, 50, \"All\"]]\n            });\n\n                    });\n    <\/script>\n<style>\n    .wpdmdt-toolbar {\n        padding: 10px;\n    }\n    .wpdmdt-toolbarb {\n        padding: 5px 10px 10px;\n    }\n    .wpdmdt-toolbar > div {\n        display: inline-block;\n    }\n    table,td,th{\n        border: 0;\n    }\n    #wpdm-all-packages .card{\n        overflow: hidden;\n    }\n    .dataTables_wrapper .table{\n        margin: 0;\n    }\n    #wpdmmydls-d8dac1279dd1e5320a4d4d095a2c6871{\n        border-bottom: 1px solid #dddddd;\n        border-top: 1px solid #dddddd;\n        font-size: 10pt;\n        min-width: 100%;\n    }\n    #wpdmmydls-d8dac1279dd1e5320a4d4d095a2c6871 .wpdm-download-link img{\n        box-shadow: none !important;\n        max-width: 100%;\n    }\n    .w3eden .pagination{\n        margin: 0 !important;\n    }\n    #wpdmmydls-d8dac1279dd1e5320a4d4d095a2c6871 td:not(:first-child){\n        vertical-align: middle !important;\n    }\n    #wpdmmydls-d8dac1279dd1e5320a4d4d095a2c6871 td.__dt_col_download_link .btn{\n        display: flex;\n        width: 100%;\n    }\n    #wpdmmydls-d8dac1279dd1e5320a4d4d095a2c6871 td.__dt_col_download_link,\n    #wpdmmydls-d8dac1279dd1e5320a4d4d095a2c6871 th#download_link{\n        max-width: 155px !important;\n        width: 155px;\n\n    }\n    #wpdmmydls-d8dac1279dd1e5320a4d4d095a2c6871 th{\n        background-color: rgba(0,0,0,0.04);\n        border-bottom: 1px solid rgba(0,0,0,0.025);\n    }\n    #wpdmmydls-d8dac1279dd1e5320a4d4d095a2c6871_length label,\n    #wpdmmydls-d8dac1279dd1e5320a4d4d095a2c6871_filter label{\n        font-weight: 400;\n    }\n    #wpdmmydls-d8dac1279dd1e5320a4d4d095a2c6871_filter input[type=search]{\n        display: inline-block;\n        width: 200px;\n    }\n    #wpdmmydls-d8dac1279dd1e5320a4d4d095a2c6871_length select{\n        display: inline-block;\n        width: 60px;\n    }\n\n    #wpdmmydls-d8dac1279dd1e5320a4d4d095a2c6871 .package-title{\n        color:#36597C;\n        font-size: 11pt;\n        font-weight: 700;\n    }\n    #wpdmmydls-d8dac1279dd1e5320a4d4d095a2c6871 .small-txt{\n        margin-right: 7px;\n    }\n    #wpdmmydls-d8dac1279dd1e5320a4d4d095a2c6871 td{\n        min-width: 150px;\n    }\n\n    #wpdmmydls-d8dac1279dd1e5320a4d4d095a2c6871 td.__dt_col_categories{\n        max-width: 300px;\n    }\n\n    #wpdmmydls-d8dac1279dd1e5320a4d4d095a2c6871 .small-txt,\n    #wpdmmydls-d8dac1279dd1e5320a4d4d095a2c6871 small{\n        font-size: 9pt;\n    }\n    .w3eden .table-striped tbody tr:nth-of-type(2n+1) {\n        background-color: rgba(0,0,0,0.015);\n    }\n    .dataTables_wrapper .dataTables_paginate .paginate_button:active,\n    .dataTables_wrapper .dataTables_paginate .paginate_button:focus,\n    .dataTables_wrapper .dataTables_paginate .paginate_button:hover,\n    .dataTables_wrapper .dataTables_paginate .paginate_button{\n        margin: 0 !important;\n        padding: 0 !important;\n        border: 0 !important;\n        background: transparent !important;\n    }\n\n\n    @media (max-width: 799px) {\n        #wpdmmydls-d8dac1279dd1e5320a4d4d095a2c6871 tr {\n            display: block;\n            border: 3px solid rgba(0,0,0,0.3) !important;\n            margin-bottom: 10px !important;\n            position: relative;\n        }\n        #wpdmmydls-d8dac1279dd1e5320a4d4d095a2c6871 thead{\n            display: none;\n        }\n        #wpdmmydls-d8dac1279dd1e5320a4d4d095a2c6871,\n        #wpdmmydls-d8dac1279dd1e5320a4d4d095a2c6871 td:first-child {\n            border: 0 !important;\n        }\n        #wpdmmydls-d8dac1279dd1e5320a4d4d095a2c6871 td {\n            display: block;\n        }\n        #wpdmmydls-d8dac1279dd1e5320a4d4d095a2c6871 td.__dt_col_download_link {\n            display: block;\n            max-width: 100% !important;\n            width: auto !important;\n\n        }\n    }\n\n\n<\/style>\n<div class=\"w3eden\">\n    <div id=\"wpdm-all-packages\">\n        <table id=\"wpdmmydls-d8dac1279dd1e5320a4d4d095a2c6871\" class=\"table table-striped wpdm-all-packages-table\">\n            <thead>\n            <tr>\n                                <th style=\"\"  id=\"title\" class=\"\">Title<\/th>\n                                <th style=\"width: 155px !important;max-width: 155px !important;\"  id=\"downloadlink\" class=\"hidden-sm hidden-xs\">Download<\/th>\n                \n            <\/tr>\n            <\/thead>\n            <tbody>\n            \n                    <tr class=\"__dt_row\">\n                                                <td  class=\"__dt_col_0 __dt_col __dt_col_title\" style=\"background-image: url('https:\/\/bucofisc.com\/wp-content\/plugins\/download-manager\/assets\/file-type-icons\/pdf.svg');background-size: 36px;background-position: 5px 8px;background-repeat:  no-repeat;padding-left: 52px;line-height: normal;\">\n                            <strong>Les 100 Premi\u00e8res Entreprises en Ha\u00efti en 2008<\/strong><br\/><span class='__dt_package_size small-txt'>3.43 MB<\/span><span class='__dt_download_count small-txt'><i class=\"far fa-arrow-alt-circle-down\"><\/i> 20 downloads<\/span><div class=\"hidden-md hidden-lg td-mobile\"><\/div>\n\n                        <\/td>\n                                                <td  class=\"__dt_col_1 __dt_col __dt_col_download_link\" >\n                            <a class='wpdm-download-link download-on-click btn btn-primary ' rel='nofollow' href='#' data-downloadurl=\"https:\/\/bucofisc.com\/en\/download\/les-100-premieres-entreprises-en-haiti-en-2008\/?wpdmdl=27675&refresh=69e120b8d66df1776361656\">Download<\/a>\n\n                        <\/td>\n                        \n                    <\/tr>\n                \n                    <tr class=\"__dt_row\">\n                                                <td  class=\"__dt_col_0 __dt_col __dt_col_title\" style=\"background-image: url('https:\/\/bucofisc.com\/wp-content\/plugins\/download-manager\/assets\/file-type-icons\/pdf.svg');background-size: 36px;background-position: 5px 8px;background-repeat:  no-repeat;padding-left: 52px;line-height: normal;\">\n                            <strong>Livre d&#8217;Or des Comptables Professionnels Agr\u00e9\u00e9s d&#8217;Ha\u00efti<\/strong><br\/><span class='__dt_package_size small-txt'>7.35 MB<\/span><span class='__dt_download_count small-txt'><i class=\"far fa-arrow-alt-circle-down\"><\/i> 60 downloads<\/span><div class=\"hidden-md hidden-lg td-mobile\"><\/div>\n\n                        <\/td>\n                                                <td  class=\"__dt_col_1 __dt_col __dt_col_download_link\" >\n                            <a class='wpdm-download-link download-on-click btn btn-primary ' rel='nofollow' href='#' data-downloadurl=\"https:\/\/bucofisc.com\/en\/download\/livre-dor-des-comptables-professionnels-agrees-dhaiti\/?wpdmdl=27692&refresh=69e120b8d8fb71776361656\">Download<\/a>\n\n                        <\/td>\n                        \n                    <\/tr>\n                \n                    <tr class=\"__dt_row\">\n                                                <td  class=\"__dt_col_0 __dt_col __dt_col_title\" style=\"background-image: url('https:\/\/bucofisc.com\/wp-content\/plugins\/download-manager\/assets\/file-type-icons\/pdf.svg');background-size: 36px;background-position: 5px 8px;background-repeat:  no-repeat;padding-left: 52px;line-height: normal;\">\n                            <strong>Plan Comptable National<\/strong><br\/><span class='__dt_package_size small-txt'>1.40 MB<\/span><span class='__dt_download_count small-txt'><i class=\"far fa-arrow-alt-circle-down\"><\/i> 82 downloads<\/span><div class=\"hidden-md hidden-lg td-mobile\"><\/div>\n\n                        <\/td>\n                                                <td  class=\"__dt_col_1 __dt_col __dt_col_download_link\" >\n                            <a class='wpdm-download-link download-on-click btn btn-primary ' rel='nofollow' href='#' data-downloadurl=\"https:\/\/bucofisc.com\/en\/download\/plan-comptable-national\/?wpdmdl=27696&refresh=69e120b8db2f01776361656\">Download<\/a>\n\n                        <\/td>\n                        \n                    <\/tr>\n                \n                    <tr class=\"__dt_row\">\n                                                <td  class=\"__dt_col_0 __dt_col __dt_col_title\" style=\"background-image: url('https:\/\/bucofisc.com\/wp-content\/plugins\/download-manager\/assets\/file-type-icons\/pdf.svg');background-size: 36px;background-position: 5px 8px;background-repeat:  no-repeat;padding-left: 52px;line-height: normal;\">\n                            <strong>Calendrier Fiscal (Date d\u2019\u00e9ch\u00e9ance des imp\u00f4ts, droits et taxes)<\/strong><br\/><span class='__dt_package_size small-txt'>127.58 KB<\/span><span class='__dt_download_count small-txt'><i class=\"far fa-arrow-alt-circle-down\"><\/i> 43 downloads<\/span><div class=\"hidden-md hidden-lg td-mobile\"><\/div>\n\n                        <\/td>\n                                                <td  class=\"__dt_col_1 __dt_col __dt_col_download_link\" >\n                            <a class='wpdm-download-link download-on-click btn btn-primary ' rel='nofollow' href='#' data-downloadurl=\"https:\/\/bucofisc.com\/en\/download\/calendrier-fiscal-date-decheance-des-impots-droits-et-taxes\/?wpdmdl=27710&refresh=69e120b8dd4d21776361656\">Download<\/a>\n\n                        <\/td>\n                        \n                    <\/tr>\n                \n                    <tr class=\"__dt_row\">\n                                                <td  class=\"__dt_col_0 __dt_col __dt_col_title\" style=\"background-image: url('https:\/\/bucofisc.com\/wp-content\/plugins\/download-manager\/assets\/file-type-icons\/pdf.svg');background-size: 36px;background-position: 5px 8px;background-repeat:  no-repeat;padding-left: 52px;line-height: normal;\">\n                            <strong>Budget G\u00e9n\u00e9ral de l&#8217;Exercice Fiscal 2024-2025<\/strong><br\/><span class='__dt_package_size small-txt'>14.79 MB<\/span><span class='__dt_download_count small-txt'><i class=\"far fa-arrow-alt-circle-down\"><\/i> 30 downloads<\/span><div class=\"hidden-md hidden-lg td-mobile\"><\/div>\n\n                        <\/td>\n                                                <td  class=\"__dt_col_1 __dt_col __dt_col_download_link\" >\n                            <a class='wpdm-download-link download-on-click btn btn-primary ' rel='nofollow' href='#' data-downloadurl=\"https:\/\/bucofisc.com\/en\/download\/budget-general-de-lexercice-fiscal-2024-2025\/?wpdmdl=27863&refresh=69e120b8dfd4a1776361656\">Download<\/a>\n\n                        <\/td>\n                        \n                    <\/tr>\n                \n                    <tr class=\"__dt_row\">\n                                                <td  class=\"__dt_col_0 __dt_col __dt_col_title\" style=\"background-image: url('https:\/\/bucofisc.com\/wp-content\/plugins\/download-manager\/assets\/file-type-icons\/pdf.svg');background-size: 36px;background-position: 5px 8px;background-repeat:  no-repeat;padding-left: 52px;line-height: normal;\">\n                            <strong>Budget G\u00e9n\u00e9ral de l\u2019Exercice Fiscal 2025-2026<\/strong><br\/><span class='__dt_package_size small-txt'>21.97 MB<\/span><span class='__dt_download_count small-txt'><i class=\"far fa-arrow-alt-circle-down\"><\/i> 29 downloads<\/span><div class=\"hidden-md hidden-lg td-mobile\"><\/div>\n\n                        <\/td>\n                                                <td  class=\"__dt_col_1 __dt_col __dt_col_download_link\" >\n                            <a class='wpdm-download-link download-on-click btn btn-primary ' rel='nofollow' href='#' data-downloadurl=\"https:\/\/bucofisc.com\/en\/download\/budget-general-de-lexercice-fiscal-2025-2026\/?wpdmdl=28646&refresh=69e120b8e212a1776361656\">Download<\/a>\n\n                        <\/td>\n                        \n                    <\/tr>\n                                        <\/tbody>\n        <\/table>\n\n        <div class='text-center'><ul class='pagination wpdm-pagination pagination-centered text-center'><\/ul><\/div>\n    <\/div>\n<\/div>\n<\/div>\n\t\t\t\t\t\t<\/div>\n\t\t\t\t<\/div>\n\t\t\t\t\t<\/div>\n\t\t<\/div>\n\t\t\t\t\t<\/div>\n\t\t<\/section>\n\t\t\t\t<\/div>\n\t\t","protected":false},"excerpt":{"rendered":"<p>DocumentsDocumentation BUCOFISC offers a library of accounting and tax resources dedicated to professionals and businesses. Here, you\u2019ll find essential documents such as Budgets, the Tax Calendar, issues of our Haiti Challenge magazine, the OCPAH\u2019s Golden Book, and the National Accounting Plan. While some documents are available for purchase, the majority are offered free of charge&#8230;<\/p>\n","protected":false},"author":2,"featured_media":0,"parent":0,"menu_order":0,"comment_status":"closed","ping_status":"closed","template":"","meta":{"footnotes":""},"class_list":["post-28027","page","type-page","status-publish","hentry"],"_links":{"self":[{"href":"https:\/\/bucofisc.com\/en\/wp-json\/wp\/v2\/pages\/28027","targetHints":{"allow":["GET"]}}],"collection":[{"href":"https:\/\/bucofisc.com\/en\/wp-json\/wp\/v2\/pages"}],"about":[{"href":"https:\/\/bucofisc.com\/en\/wp-json\/wp\/v2\/types\/page"}],"author":[{"embeddable":true,"href":"https:\/\/bucofisc.com\/en\/wp-json\/wp\/v2\/users\/2"}],"replies":[{"embeddable":true,"href":"https:\/\/bucofisc.com\/en\/wp-json\/wp\/v2\/comments?post=28027"}],"version-history":[{"count":5,"href":"https:\/\/bucofisc.com\/en\/wp-json\/wp\/v2\/pages\/28027\/revisions"}],"predecessor-version":[{"id":28092,"href":"https:\/\/bucofisc.com\/en\/wp-json\/wp\/v2\/pages\/28027\/revisions\/28092"}],"wp:attachment":[{"href":"https:\/\/bucofisc.com\/en\/wp-json\/wp\/v2\/media?parent=28027"}],"curies":[{"name":"wp","href":"https:\/\/api.w.org\/{rel}","templated":true}]}}